{"id":49,"date":"2025-04-08T19:50:31","date_gmt":"2025-04-08T19:50:31","guid":{"rendered":"https:\/\/thethirdbucketofprofit.com\/?page_id=49"},"modified":"2025-04-08T20:58:46","modified_gmt":"2025-04-08T20:58:46","slug":"home","status":"publish","type":"page","link":"https:\/\/thethirdbucketofprofit.com\/es\/","title":{"rendered":"Inicio"},"content":{"rendered":"<div class=\"wp-block-media-text is-stacked-on-mobile\"><figure class=\"wp-block-media-text__media\"><img loading=\"lazy\" decoding=\"async\" width=\"171\" height=\"189\" src=\"https:\/\/thethirdbucketofprofit.com\/wp-content\/uploads\/2025\/04\/Bucket-0002.png\" alt=\"\" class=\"wp-image-61 size-full\" srcset=\"https:\/\/thethirdbucketofprofit.com\/wp-content\/uploads\/2025\/04\/Bucket-0002.png 171w, https:\/\/thethirdbucketofprofit.com\/wp-content\/uploads\/2025\/04\/Bucket-0002-11x12.png 11w\" sizes=\"auto, (max-width: 171px) 100vw, 171px\" \/><\/figure><div class=\"wp-block-media-text__content\">\n<p class=\"has-text-align-center has-vivid-red-color has-text-color has-link-color has-medium-font-size wp-elements-0adb9ec2219f386a4e57a28388aee354\">WELCOME<\/p>\n\n\n\n<p class=\"has-text-align-center has-large-font-size\">Certificaci\u00f3n de l\u00edder de 2 d\u00edas para maximizar las ganancias del tercer segmento<\/p>\n\n\n\n<p class=\"has-text-align-center\">Los gerentes certificados controlan los insumos que generan ganancias. Demuestran su contribuci\u00f3n financiera -<br>contribution &#8211;\u00a0<strong><em>al dolar.<\/em><\/strong>.<\/p>\n\n\n\n<p class=\"has-text-align-center\"><a href=\"https:\/\/thethirdbucketofprofit.com\/wp-admin\/post.php?post=19&amp;action=edit\">Cont\u00e1ctenos<\/a><\/p>\n<\/div><\/div>\n\n\n\n<figure class=\"wp-block-image alignwide size-large\"><img loading=\"lazy\" decoding=\"async\" width=\"1024\" height=\"512\" src=\"https:\/\/thethirdbucketofprofit.com\/wp-content\/uploads\/2025\/04\/crw_1240h_620-1024x512.webp\" alt=\"\" class=\"wp-image-68\" srcset=\"https:\/\/thethirdbucketofprofit.com\/wp-content\/uploads\/2025\/04\/crw_1240h_620-1024x512.webp 1024w, https:\/\/thethirdbucketofprofit.com\/wp-content\/uploads\/2025\/04\/crw_1240h_620-300x150.webp 300w, https:\/\/thethirdbucketofprofit.com\/wp-content\/uploads\/2025\/04\/crw_1240h_620-768x384.webp 768w, https:\/\/thethirdbucketofprofit.com\/wp-content\/uploads\/2025\/04\/crw_1240h_620-18x9.webp 18w, https:\/\/thethirdbucketofprofit.com\/wp-content\/uploads\/2025\/04\/crw_1240h_620.webp 1240w\" sizes=\"auto, (max-width: 1024px) 100vw, 1024px\" \/><\/figure>\n\n\n\n<div class=\"wp-block-columns alignwide is-layout-flex wp-container-core-columns-is-layout-9d6595d7 wp-block-columns-is-layout-flex\">\n<div class=\"wp-block-column is-layout-flow wp-block-column-is-layout-flow\">\n<figure class=\"wp-block-image size-full\"><img loading=\"lazy\" decoding=\"async\" width=\"600\" height=\"300\" src=\"https:\/\/thethirdbucketofprofit.com\/wp-content\/uploads\/2025\/04\/crw_600h_300.webp\" alt=\"\" class=\"wp-image-67\" srcset=\"https:\/\/thethirdbucketofprofit.com\/wp-content\/uploads\/2025\/04\/crw_600h_300.webp 600w, https:\/\/thethirdbucketofprofit.com\/wp-content\/uploads\/2025\/04\/crw_600h_300-300x150.webp 300w, https:\/\/thethirdbucketofprofit.com\/wp-content\/uploads\/2025\/04\/crw_600h_300-18x9.webp 18w\" sizes=\"auto, (max-width: 600px) 100vw, 600px\" \/><\/figure>\n\n\n\n<h3 class=\"wp-block-heading has-text-align-center\">Econom\u00eda del comportamiento (demanda\/oferta)<\/h3>\n\n\n\n<p class=\"has-text-align-center\">Los clientes gastan dinero con el proveedor que satisface sus necesidades. El personal dedica esfuerzos para que el gerente satisfaga sus necesidades.<\/p>\n\n\n\n<p class=\"has-text-align-center\">Los gerentes tienen agendas; a menudo desconocen las necesidades del personal o son ap\u00e1ticos. Con el tiempo, se acumulan necesidades insatisfechas. El personal responde:&nbsp;<em>\"A ti no te importan mis necesidades; a m\u00ed no me importan tus objetivos\". &nbsp;<\/em>That&#8217;s&nbsp;<strong><em>desconexi\u00f3n.<\/em><\/strong><\/p>\n<\/div>\n\n\n\n<div class=\"wp-block-column is-layout-flow wp-block-column-is-layout-flow\">\n<figure class=\"wp-block-image size-full\"><img loading=\"lazy\" decoding=\"async\" width=\"600\" height=\"300\" src=\"https:\/\/thethirdbucketofprofit.com\/wp-content\/uploads\/2025\/04\/crw_600h_300-1.webp\" alt=\"\" class=\"wp-image-66\" srcset=\"https:\/\/thethirdbucketofprofit.com\/wp-content\/uploads\/2025\/04\/crw_600h_300-1.webp 600w, https:\/\/thethirdbucketofprofit.com\/wp-content\/uploads\/2025\/04\/crw_600h_300-1-300x150.webp 300w, https:\/\/thethirdbucketofprofit.com\/wp-content\/uploads\/2025\/04\/crw_600h_300-1-18x9.webp 18w\" sizes=\"auto, (max-width: 600px) 100vw, 600px\" \/><\/figure>\n\n\n\n<h4 class=\"wp-block-heading has-text-align-center\">\u00bfPor qu\u00e9 nosotros?<\/h4>\n\n\n\n<ul class=\"wp-block-list\">\n<li>La mayor\u00eda de las empresas s\u00f3lo gestionan los segmentos 1 y 2 (m\u00e1rgenes y gastos). El segmento 3 genera tantas ganancias como los segmentos 1 y 2:\u00a0<em>cuando se gestiona con nuestro Sistema.\u00a0<\/em><\/li>\n<\/ul>\n\n\n\n<ul class=\"wp-block-list\">\n<li>Los componentes del sistema incluyen la certificaci\u00f3n The Third Bucket of Profit, evaluaci\u00f3n e instrumentos de desarrollo y consultor\u00eda experta.<\/li>\n<\/ul>\n\n\n\n<ul class=\"wp-block-list\">\n<li>La inversi\u00f3n en el Sistema es una peque\u00f1a fracci\u00f3n de las ganancias adicionales que obtienen los clientes que institucionalizan el sistema Diaplan.\u00a0<\/li>\n<\/ul>\n\n\n\n<ul class=\"wp-block-list\">\n<li>Ver lista de clientes:\u00a0<a href=\"http:\/\/www.diaplanonline.com\/\" target=\"_blank\" rel=\"noreferrer noopener\">www.diaplanonline.com<\/a><\/li>\n<\/ul>\n<\/div>\n<\/div>\n\n\n\n<p><\/p>","protected":false},"excerpt":{"rendered":"<p>WELCOME 2-Day Leader Certification to Max Out Profit from The [&hellip;]<\/p>","protected":false},"author":1,"featured_media":0,"parent":0,"menu_order":0,"comment_status":"closed","ping_status":"closed","template":"","meta":{"footnotes":""},"class_list":["post-49","page","type-page","status-publish","hentry"],"_links":{"self":[{"href":"https:\/\/thethirdbucketofprofit.com\/es\/wp-json\/wp\/v2\/pages\/49","targetHints":{"allow":["GET"]}}],"collection":[{"href":"https:\/\/thethirdbucketofprofit.com\/es\/wp-json\/wp\/v2\/pages"}],"about":[{"href":"https:\/\/thethirdbucketofprofit.com\/es\/wp-json\/wp\/v2\/types\/page"}],"author":[{"embeddable":true,"href":"https:\/\/thethirdbucketofprofit.com\/es\/wp-json\/wp\/v2\/users\/1"}],"replies":[{"embeddable":true,"href":"https:\/\/thethirdbucketofprofit.com\/es\/wp-json\/wp\/v2\/comments?post=49"}],"version-history":[{"count":3,"href":"https:\/\/thethirdbucketofprofit.com\/es\/wp-json\/wp\/v2\/pages\/49\/revisions"}],"predecessor-version":[{"id":73,"href":"https:\/\/thethirdbucketofprofit.com\/es\/wp-json\/wp\/v2\/pages\/49\/revisions\/73"}],"wp:attachment":[{"href":"https:\/\/thethirdbucketofprofit.com\/es\/wp-json\/wp\/v2\/media?parent=49"}],"curies":[{"name":"wp","href":"https:\/\/api.w.org\/{rel}","templated":true}]}}