{"id":21,"date":"2023-12-03T16:31:54","date_gmt":"2023-12-03T16:31:54","guid":{"rendered":"http:\/\/localhost:8003\/?page_id=21"},"modified":"2025-04-08T22:02:44","modified_gmt":"2025-04-08T22:02:44","slug":"services","status":"publish","type":"page","link":"https:\/\/thethirdbucketofprofit.com\/es\/services\/","title":{"rendered":"Servicios"},"content":{"rendered":"<p><strong>Servicios<\/strong><\/p>\n\n\n\n<hr class=\"wp-block-separator alignwide has-alpha-channel-opacity\"\/>\n\n\n\n<div class=\"wp-block-columns is-layout-flex wp-container-core-columns-is-layout-9d6595d7 wp-block-columns-is-layout-flex\">\n<div class=\"wp-block-column is-layout-flow wp-block-column-is-layout-flow\">\n<figure class=\"wp-block-image size-full\"><img loading=\"lazy\" decoding=\"async\" width=\"388\" height=\"194\" src=\"https:\/\/thethirdbucketofprofit.com\/wp-content\/uploads\/2025\/04\/crw_388h_194.webp\" alt=\"\" class=\"wp-image-65\" srcset=\"https:\/\/thethirdbucketofprofit.com\/wp-content\/uploads\/2025\/04\/crw_388h_194.webp 388w, https:\/\/thethirdbucketofprofit.com\/wp-content\/uploads\/2025\/04\/crw_388h_194-300x150.webp 300w, https:\/\/thethirdbucketofprofit.com\/wp-content\/uploads\/2025\/04\/crw_388h_194-18x9.webp 18w\" sizes=\"auto, (max-width: 388px) 100vw, 388px\" \/><\/figure>\n\n\n\n<p class=\"has-text-align-center\"><strong>&nbsp;TRES CUBOS DE GANANCIAS<\/strong><\/p>\n\n\n\n<p class=\"has-text-align-center\">#1: Margen Bruto<br>#2: Control de gastos<br>#3: \u00cdndice de productividad<\/p>\n\n\n\n<p class=\"has-text-align-center\">El administrador promedio hace poco para mejorar el margen bruto o el control de gastos. Eso lo dejan en manos de la C-Suite.\u00a0<br>Alrededor del 30 % de los empleados estadounidenses est\u00e1n comprometidos (Australia = 23 %; Alemania = 13 %). \u00bfQui\u00e9n es responsable de acertar 3 de 10?\u00a0<\/p>\n\n\n\n<p class=\"has-text-align-center\">M\u00e1s de 100.000 nuevos MBA ingresan anualmente al mercado laboral de EE. UU., sin estar preparados para impulsar su compromiso. Cuando certificamos a sus gerentes, ellos comienzan a mover la aguja.<\/p>\n<\/div>\n\n\n\n<div class=\"wp-block-column is-layout-flow wp-block-column-is-layout-flow\">\n<figure class=\"wp-block-image size-full\"><img loading=\"lazy\" decoding=\"async\" width=\"388\" height=\"194\" src=\"https:\/\/thethirdbucketofprofit.com\/wp-content\/uploads\/2025\/04\/crw_388h_194-1.webp\" alt=\"\" class=\"wp-image-63\" srcset=\"https:\/\/thethirdbucketofprofit.com\/wp-content\/uploads\/2025\/04\/crw_388h_194-1.webp 388w, https:\/\/thethirdbucketofprofit.com\/wp-content\/uploads\/2025\/04\/crw_388h_194-1-300x150.webp 300w, https:\/\/thethirdbucketofprofit.com\/wp-content\/uploads\/2025\/04\/crw_388h_194-1-18x9.webp 18w\" sizes=\"auto, (max-width: 388px) 100vw, 388px\" \/><\/figure>\n\n\n\n<p class=\"has-text-align-center\"><strong>EL BORDE DE DIAPLAN<\/strong><br>Explotamos el potencial del tercer segmento con nuestra tecnolog\u00eda patentada. El segmento 3 (beneficio del compromiso) rara vez se supervisa y nunca se audita, excepto por nosotros.<\/p>\n\n\n\n<p class=\"has-text-align-center\">Curiosamente, el segmento 3 est\u00e1 totalmente bajo el control de los gerentes de l\u00ednea\/personal. Los cubos 1 y 2 no lo son. \u00bfEst\u00e1 PI en las descripciones de puestos? \u00bfSe revisa el PI en las evaluaciones de desempe\u00f1o? \u00bfLos sistemas de bonificaci\u00f3n lo enfatizan?<br>Los gerentes a menudo est\u00e1n libres de responsabilidad por la productividad de su equipo. Con nuestra tecnolog\u00eda, los clientes no se conforman con ganancias mediocres asociadas con una baja productividad.<\/p>\n<\/div>\n\n\n\n<div class=\"wp-block-column is-layout-flow wp-block-column-is-layout-flow\">\n<figure class=\"wp-block-image size-full\"><img loading=\"lazy\" decoding=\"async\" width=\"388\" height=\"194\" src=\"https:\/\/thethirdbucketofprofit.com\/wp-content\/uploads\/2025\/04\/crw_388h_194-2.webp\" alt=\"\" class=\"wp-image-64\" srcset=\"https:\/\/thethirdbucketofprofit.com\/wp-content\/uploads\/2025\/04\/crw_388h_194-2.webp 388w, https:\/\/thethirdbucketofprofit.com\/wp-content\/uploads\/2025\/04\/crw_388h_194-2-300x150.webp 300w, https:\/\/thethirdbucketofprofit.com\/wp-content\/uploads\/2025\/04\/crw_388h_194-2-18x9.webp 18w\" sizes=\"auto, (max-width: 388px) 100vw, 388px\" \/><\/figure>\n\n\n\n<p class=\"has-text-align-center\"><strong>VALIDEZ EMP\u00cdRICA<\/strong><br>Nuestras herramientas e instrumentos fueron validados durante tres d\u00e9cadas trabajando con corporaciones ic\u00f3nicas y firmas m\u00e1s peque\u00f1as como socios de investigaci\u00f3n. Podemos predecir los resultados de los clientes despu\u00e9s de implementar nuestro sistema. Nuestras predicciones se mantienen.<\/p>\n\n\n\n<p class=\"has-text-align-center\">Comenzamos con un \u00edndice de productividad de referencia y a partir de ah\u00ed hacemos un seguimiento del progreso mediante an\u00e1lisis tangibles e intangibles. La prueba del impacto se certifica con cada cliente. Las empresas de los clientes son laboratorios de productividad, seg\u00fan un acuerdo formal. Sus n\u00fameros positivos son nuestra m\u00e1xima prioridad. Entregamos.<\/p>\n<\/div>\n<\/div>\n\n\n\n<p><\/p>","protected":false},"excerpt":{"rendered":"<p>Services &nbsp;THREE BUCKETS OF PROFIT #1: Gross Margin#2: Expense Control#3: [&hellip;]<\/p>","protected":false},"author":1,"featured_media":0,"parent":0,"menu_order":0,"comment_status":"closed","ping_status":"closed","template":"template_services.php","meta":{"footnotes":""},"class_list":["post-21","page","type-page","status-publish","hentry"],"_links":{"self":[{"href":"https:\/\/thethirdbucketofprofit.com\/es\/wp-json\/wp\/v2\/pages\/21","targetHints":{"allow":["GET"]}}],"collection":[{"href":"https:\/\/thethirdbucketofprofit.com\/es\/wp-json\/wp\/v2\/pages"}],"about":[{"href":"https:\/\/thethirdbucketofprofit.com\/es\/wp-json\/wp\/v2\/types\/page"}],"author":[{"embeddable":true,"href":"https:\/\/thethirdbucketofprofit.com\/es\/wp-json\/wp\/v2\/users\/1"}],"replies":[{"embeddable":true,"href":"https:\/\/thethirdbucketofprofit.com\/es\/wp-json\/wp\/v2\/comments?post=21"}],"version-history":[{"count":5,"href":"https:\/\/thethirdbucketofprofit.com\/es\/wp-json\/wp\/v2\/pages\/21\/revisions"}],"predecessor-version":[{"id":93,"href":"https:\/\/thethirdbucketofprofit.com\/es\/wp-json\/wp\/v2\/pages\/21\/revisions\/93"}],"wp:attachment":[{"href":"https:\/\/thethirdbucketofprofit.com\/es\/wp-json\/wp\/v2\/media?parent=21"}],"curies":[{"name":"wp","href":"https:\/\/api.w.org\/{rel}","templated":true}]}}