{"id":10,"date":"2023-12-03T15:54:20","date_gmt":"2023-12-03T15:54:20","guid":{"rendered":"http:\/\/localhost:8003\/?page_id=10"},"modified":"2025-04-08T22:19:16","modified_gmt":"2025-04-08T22:19:16","slug":"blog","status":"publish","type":"page","link":"https:\/\/thethirdbucketofprofit.com\/es\/blog\/","title":{"rendered":"Blog"},"content":{"rendered":"<div class=\"wp-block-columns is-layout-flex wp-container-core-columns-is-layout-9d6595d7 wp-block-columns-is-layout-flex\">\n<div class=\"wp-block-column is-layout-flow wp-block-column-is-layout-flow\">\n<figure class=\"wp-block-image size-full\"><img loading=\"lazy\" decoding=\"async\" width=\"611\" height=\"356\" src=\"https:\/\/thethirdbucketofprofit.com\/wp-content\/uploads\/2025\/04\/blog1.png\" alt=\"\" class=\"wp-image-101\" srcset=\"https:\/\/thethirdbucketofprofit.com\/wp-content\/uploads\/2025\/04\/blog1.png 611w, https:\/\/thethirdbucketofprofit.com\/wp-content\/uploads\/2025\/04\/blog1-300x175.png 300w, https:\/\/thethirdbucketofprofit.com\/wp-content\/uploads\/2025\/04\/blog1-18x10.png 18w\" sizes=\"auto, (max-width: 611px) 100vw, 611px\" \/><\/figure>\n\n\n\n<p class=\"has-text-align-center\"><a href=\"https:\/\/thethirdbucketofprofit.com\/wp-admin\/post.php?post=98&amp;action=edit\">De la apat\u00eda a la alineaci\u00f3n: c\u00f3mo solucionar la brecha entre la oferta y la demanda en su equipo<\/a><\/p>\n<\/div>\n\n\n\n<div class=\"wp-block-column is-vertically-aligned-top is-layout-flow wp-block-column-is-layout-flow\">\n<figure class=\"wp-block-image size-full\"><img loading=\"lazy\" decoding=\"async\" width=\"305\" height=\"280\" src=\"https:\/\/thethirdbucketofprofit.com\/wp-content\/uploads\/2025\/04\/blog2.png\" alt=\"\" class=\"wp-image-102\" srcset=\"https:\/\/thethirdbucketofprofit.com\/wp-content\/uploads\/2025\/04\/blog2.png 305w, https:\/\/thethirdbucketofprofit.com\/wp-content\/uploads\/2025\/04\/blog2-300x275.png 300w, https:\/\/thethirdbucketofprofit.com\/wp-content\/uploads\/2025\/04\/blog2-13x12.png 13w\" sizes=\"auto, (max-width: 305px) 100vw, 305px\" \/><\/figure>\n\n\n\n<p class=\"has-text-align-center\"><a href=\"https:\/\/thethirdbucketofprofit.com\/wp-admin\/post.php?post=96&amp;action=edit\">The Third Bucket of Profit: \u00bfEst\u00e1 dejando dinero sobre la mesa?<\/a><\/p>\n<\/div>\n\n\n\n<div class=\"wp-block-column is-layout-flow wp-block-column-is-layout-flow\">\n<figure class=\"wp-block-image size-full\"><img loading=\"lazy\" decoding=\"async\" width=\"581\" height=\"508\" src=\"https:\/\/thethirdbucketofprofit.com\/wp-content\/uploads\/2025\/04\/blog3.png\" alt=\"\" class=\"wp-image-103\" srcset=\"https:\/\/thethirdbucketofprofit.com\/wp-content\/uploads\/2025\/04\/blog3.png 581w, https:\/\/thethirdbucketofprofit.com\/wp-content\/uploads\/2025\/04\/blog3-300x262.png 300w, https:\/\/thethirdbucketofprofit.com\/wp-content\/uploads\/2025\/04\/blog3-14x12.png 14w\" sizes=\"auto, (max-width: 581px) 100vw, 581px\" \/><\/figure>\n\n\n\n<p class=\"has-text-align-center\"><a href=\"https:\/\/thethirdbucketofprofit.com\/wp-admin\/post.php?post=94&amp;action=edit\">El costo oculto de ignorar las necesidades de los empleados (y c\u00f3mo esto afecta sus ganancias)<\/a><\/p>\n<\/div>\n<\/div>\n\n\n\n<p><\/p>","protected":false},"excerpt":{"rendered":"<p>From Apathy to Alignment: Fixing the Demand\/Supply Gap in Your [&hellip;]<\/p>","protected":false},"author":1,"featured_media":0,"parent":0,"menu_order":0,"comment_status":"closed","ping_status":"closed","template":"template_blog.php","meta":{"footnotes":""},"class_list":["post-10","page","type-page","status-publish","hentry"],"_links":{"self":[{"href":"https:\/\/thethirdbucketofprofit.com\/es\/wp-json\/wp\/v2\/pages\/10","targetHints":{"allow":["GET"]}}],"collection":[{"href":"https:\/\/thethirdbucketofprofit.com\/es\/wp-json\/wp\/v2\/pages"}],"about":[{"href":"https:\/\/thethirdbucketofprofit.com\/es\/wp-json\/wp\/v2\/types\/page"}],"author":[{"embeddable":true,"href":"https:\/\/thethirdbucketofprofit.com\/es\/wp-json\/wp\/v2\/users\/1"}],"replies":[{"embeddable":true,"href":"https:\/\/thethirdbucketofprofit.com\/es\/wp-json\/wp\/v2\/comments?post=10"}],"version-history":[{"count":7,"href":"https:\/\/thethirdbucketofprofit.com\/es\/wp-json\/wp\/v2\/pages\/10\/revisions"}],"predecessor-version":[{"id":104,"href":"https:\/\/thethirdbucketofprofit.com\/es\/wp-json\/wp\/v2\/pages\/10\/revisions\/104"}],"wp:attachment":[{"href":"https:\/\/thethirdbucketofprofit.com\/es\/wp-json\/wp\/v2\/media?parent=10"}],"curies":[{"name":"wp","href":"https:\/\/api.w.org\/{rel}","templated":true}]}}